{"id":77,"date":"2025-12-28T11:13:55","date_gmt":"2025-12-28T10:13:55","guid":{"rendered":"https:\/\/www.convis-services.at\/?page_id=77"},"modified":"2025-12-28T11:13:55","modified_gmt":"2025-12-28T10:13:55","slug":"impressum","status":"publish","type":"page","link":"https:\/\/www.convis-services.at\/?page_id=77","title":{"rendered":"Impressum"},"content":{"rendered":"\n<p>Angaben gem\u00e4\u00df Informationspflicht laut \u00a75 E-Commerce Gesetz, \u00a714 Unternehmensgesetzbuch, \u00a763 Gewerbeordnung und Offenlegungspflicht laut \u00a725 Mediengesetz.<\/p>\n\n\n\n<p>convis services e.U.<br>Technologiezentrum Linz<br>Wienerstra\u00dfe 131<br>4020 Linz<br>\u00d6sterreich<\/p>\n\n\n\n<p><strong>Unternehmensregistrierung:<\/strong><br>Unternehmensgegenstand: IT Dienstleistung<br>Umsatzsteuer-ID gem\u00e4\u00df \u00a7 27a UStG: ATU57097046<br>Firmenbuchnummer: FN 605224 k<br>Firmenbuchgericht<strong>:<\/strong>&nbsp;Landesgericht Linz<br>Firmensitz<strong>:<\/strong>&nbsp;4020 Linz<\/p>\n\n\n\n<p><strong>Kontaktinformationen:<\/strong><br>Telefon: +43 664 45 37 291<br>E-Mail: office@alpixa.at<\/p>\n\n\n\n<p><strong>Mitglied bei:<\/strong>&nbsp;WKO<br><strong>Berufsrecht:<\/strong>&nbsp;Fachgruppe Unternehmensberatung, Buchhaltung und Informationstechnologie<\/p>\n\n\n\n<p>\u200d<strong>Aufsichtsbeh\u00f6rde\/Gewerbebeh\u00f6rde:<\/strong>&nbsp;Bezirkshauptmannschaft Linz-Land<br><strong>Berufsbezeichnung:<\/strong>&nbsp;Dienstleistungen in der automatischen Datenverarbeitung und Informationstechnik<br><strong>Verleihungsstaat:<\/strong>&nbsp;\u00d6sterreich<\/p>\n\n\n\n<p><strong>Vertretungsberechtigte Person:<\/strong><br>Andreas Streif<br><br><strong>Letzte Aktualisierung:<\/strong><br>27.12.2025<\/p>\n","protected":false},"excerpt":{"rendered":"<p>Angaben gem\u00e4\u00df Informationspflicht laut \u00a75 E-Commerce Gesetz, \u00a714 Unternehmensgesetzbuch, \u00a763 Gewerbeordnung und Offenlegungspflicht laut \u00a725 Mediengesetz. convis services e.U.Technologiezentrum LinzWienerstra\u00dfe 1314020 Linz\u00d6sterreich Unternehmensregistrierung:Unternehmensgegenstand: IT DienstleistungUmsatzsteuer-ID gem\u00e4\u00df \u00a7 27a UStG: ATU57097046Firmenbuchnummer: FN 605224 kFirmenbuchgericht:&nbsp;Landesgericht LinzFirmensitz:&nbsp;4020 Linz Kontaktinformationen:Telefon: +43 664 45 37 291E-Mail: office@alpixa.at Mitglied bei:&nbsp;WKOBerufsrecht:&nbsp;Fachgruppe Unternehmensberatung, Buchhaltung und Informationstechnologie \u200dAufsichtsbeh\u00f6rde\/Gewerbebeh\u00f6rde:&nbsp;Bezirkshauptmannschaft Linz-LandBerufsbezeichnung:&nbsp;Dienstleistungen in der automatischen Datenverarbeitung und [&hellip;]<\/p>\n","protected":false},"author":1,"featured_media":0,"parent":0,"menu_order":0,"comment_status":"closed","ping_status":"closed","template":"","meta":{"footnotes":""},"class_list":["post-77","page","type-page","status-publish","hentry"],"_links":{"self":[{"href":"https:\/\/www.convis-services.at\/index.php?rest_route=\/wp\/v2\/pages\/77","targetHints":{"allow":["GET"]}}],"collection":[{"href":"https:\/\/www.convis-services.at\/index.php?rest_route=\/wp\/v2\/pages"}],"about":[{"href":"https:\/\/www.convis-services.at\/index.php?rest_route=\/wp\/v2\/types\/page"}],"author":[{"embeddable":true,"href":"https:\/\/www.convis-services.at\/index.php?rest_route=\/wp\/v2\/users\/1"}],"replies":[{"embeddable":true,"href":"https:\/\/www.convis-services.at\/index.php?rest_route=%2Fwp%2Fv2%2Fcomments&post=77"}],"version-history":[{"count":1,"href":"https:\/\/www.convis-services.at\/index.php?rest_route=\/wp\/v2\/pages\/77\/revisions"}],"predecessor-version":[{"id":80,"href":"https:\/\/www.convis-services.at\/index.php?rest_route=\/wp\/v2\/pages\/77\/revisions\/80"}],"wp:attachment":[{"href":"https:\/\/www.convis-services.at\/index.php?rest_route=%2Fwp%2Fv2%2Fmedia&parent=77"}],"curies":[{"name":"wp","href":"https:\/\/api.w.org\/{rel}","templated":true}]}}